{"id":838,"date":"2018-04-19T09:05:06","date_gmt":"2018-04-19T07:05:06","guid":{"rendered":"http:\/\/www.azetalub.com\/?page_id=838"},"modified":"2021-09-14T11:16:24","modified_gmt":"2021-09-14T09:16:24","slug":"distributori-dosatori-raccordi","status":"publish","type":"page","link":"https:\/\/www.azetalub.com\/it\/prodotti\/distributori-dosatori-raccordi\/","title":{"rendered":"DISTRIBUTORI &#8211; DOSATORI &#8211; RACCORDI"},"content":{"rendered":"<p>[vc_row full_width=&#8221;stretch_row&#8221; bg_type=&#8221;bg_color&#8221; type=&#8221;vc_default&#8221; bg_color_value=&#8221;#c60000&#8243; css=&#8221;.vc_custom_1487868329595{margin-top: -75px !important;}&#8221;][vc_column]<div id=\"ultimate-heading-284869e093df91355\" class=\"uvc-heading ult-adjust-bottom-margin ultimate-heading-284869e093df91355 uvc-5587 \" data-hspacer=\"no_spacer\"  data-halign=\"center\" style=\"text-align:center\"><div class=\"uvc-heading-spacer no_spacer\" style=\"top\"><\/div><div class=\"uvc-main-heading ult-responsive\"  data-ultimate-target='.uvc-heading.ultimate-heading-284869e093df91355 h2'  data-responsive-json-new='{\"font-size\":\"desktop:50px;tablet:40px;tablet_portrait:40px;mobile_landscape:30px;mobile:30px;\",\"line-height\":\"desktop:50px;\"}' ><h2 style=\"font-weight:bold;color:#ffffff;\">PRODOTTI<\/h2><\/div><div class=\"uvc-sub-heading ult-responsive\"  data-ultimate-target='.uvc-heading.ultimate-heading-284869e093df91355 .uvc-sub-heading '  data-responsive-json-new='{\"font-size\":\"\",\"line-height\":\"\"}'  style=\"font-weight:normal;color:#ffffff;\"><\/p>\n<p style=\"text-align: center;\">DISTRIBUTORI &#8211; DOSATORI &#8211; RACCORDI<\/p>\n<p><\/div><\/div>[vc_empty_space][\/vc_column][\/vc_row][vc_row full_width=&#8221;stretch_row&#8221; full_height=&#8221;yes&#8221; bg_type=&#8221;image&#8221; parallax_style=&#8221;vcpb-vz-jquery&#8221; bg_image_new=&#8221;id^163|url^http:\/\/www.azetalub.com\/wp-content\/uploads\/2017\/02\/foto-G-BUCARIA_22341-1.jpg|caption^null|alt^null|title^Rettifiche|description^null&#8221; enable_overlay=&#8221;enable_overlay_value&#8221; overlay_color=&#8221;rgba(255,255,255,0.6)&#8221; type=&#8221;vc_default&#8221; css=&#8221;.vc_custom_1494494547748{margin-bottom: -75px !important;}&#8221;][vc_column][vc_empty_space][vc_column_text]<\/p>\n<p style=\"text-align: center;\">Dosatori a trafilamento per bassa pressione da 0,75-1-2-4-8-16 gocce al minuto &#8211; Distributori ripartitori di linea a 2-3-4-5-6 vie &#8211; Ripartitore di linea a 3 vie &#8211; Dosatori volumetrici per media pressione da 0,03-0,05-0,07-0,10-0,15-0,20 0,25-0,30 cm3 &#8211; Raccordo terminale diritto M 3&#215;0,5 M 6&#215;1,0 M 8&#215;1,0 M 10&#215;1,0 e 1\/8\u201dG &#8211; Raccordo terminale a 90\u00b0 M 3&#215;0,5 M 6&#215;1,0 M 8&#215;1,0 M 10&#215;1,0 e 1\/8\u201dG.<\/p>\n<p>[\/vc_column_text][vc_btn title=&#8221;Catalogo&#8221; color=&#8221;danger&#8221; align=&#8221;center&#8221; i_icon_fontawesome=&#8221;fa fa-download&#8221; add_icon=&#8221;true&#8221; link=&#8221;url:https%3A%2F%2Fwww.azetalub.com%2Fwp-content%2Fuploads%2FAzeta-Catalogo-Tecnico.pdf||target:%20_blank|&#8221;][vc_empty_space]<div class=\"ult-content-box-container \" >\t\t<div class=\"ult-content-box\" style=\"background-color:#fcfcfc;box-shadow: px px px px none;padding:20px;-webkit-transition: all 700ms ease;-moz-transition: all 700ms ease;-ms-transition: all 700ms ease;-o-transition: all 700ms ease;transition: all 700ms ease;\"  data-hover_box_shadow=\"none\"     data-bg=\"#fcfcfc\" ><div id=\"ultimate-heading-190769e093df9144d\" class=\"uvc-heading ult-adjust-bottom-margin ultimate-heading-190769e093df9144d uvc-5843 \" data-hspacer=\"no_spacer\"  data-halign=\"left\" style=\"text-align:left\"><div class=\"uvc-heading-spacer no_spacer\" style=\"top\"><\/div><div class=\"uvc-main-heading ult-responsive\"  data-ultimate-target='.uvc-heading.ultimate-heading-190769e093df9144d h2'  data-responsive-json-new='{\"font-size\":\"\",\"line-height\":\"\"}' ><h2 style=\"font-weight:normal;\">Distributori<\/h2><\/div><\/div>[vc_empty_space][vc_row_inner][vc_column_inner width=&#8221;1\/3&#8243;][vc_single_image image=&#8221;839&#8243; img_size=&#8221;medium&#8221;][\/vc_column_inner][vc_column_inner width=&#8221;1\/3&#8243;][vc_column_text]<\/p>\n<h3><a href=\"#DRE\"><strong>Distributori serie DRE<\/strong><\/a><\/h3>\n<p>[\/vc_column_text][\/vc_column_inner][vc_column_inner width=&#8221;1\/3&#8243;][vc_column_text]Distributore ricavato da barre di estruso in alluminio forato coassiale. Ogni modello presenta entrata ed uscita di linea alle estremit\u00e0 e due fori di fissaggio a parete. Sono disponibili da 2 a 6 vie radiali con passo 14 mm. Il codice identificativo richiama il numero delle vie radiali escluso entrata e uscita.[\/vc_column_text][\/vc_column_inner][\/vc_row_inner][vc_row_inner][vc_column_inner width=&#8221;1\/3&#8243;][vc_single_image image=&#8221;841&#8243; img_size=&#8221;medium&#8221;][\/vc_column_inner][vc_column_inner width=&#8221;1\/3&#8243;][vc_column_text]<\/p>\n<h3><a href=\"#DRT\"><strong>Distributori serie DRT<\/strong><\/a><\/h3>\n<p>[\/vc_column_text][\/vc_column_inner][vc_column_inner width=&#8221;1\/3&#8243;][vc_column_text]Distributori ricavati da trafilato in alluminio. Ogni modello presenta entrata e uscita di linea alle estremit\u00e0 e due fori di fissaggio a parete. Sono disponibili da 2 a 6 vie radiali con passo 19 mm. Il codice identificativo richiama il numero delle vie radiali escluso entrata e uscita.[\/vc_column_text][\/vc_column_inner][\/vc_row_inner]\t\t<\/div><\/div>[vc_empty_space]<div class=\"ult-content-box-container \" >\t\t<div class=\"ult-content-box\" style=\"background-color:#fcfcfc;box-shadow: px px px px none;padding:20px;-webkit-transition: all 700ms ease;-moz-transition: all 700ms ease;-ms-transition: all 700ms ease;-o-transition: all 700ms ease;transition: all 700ms ease;\"  data-hover_box_shadow=\"none\"     data-bg=\"#fcfcfc\" ><div id=\"ultimate-heading-564169e093df914f1\" class=\"uvc-heading ult-adjust-bottom-margin ultimate-heading-564169e093df914f1 uvc-7359 \" data-hspacer=\"no_spacer\"  data-halign=\"left\" style=\"text-align:left\"><div class=\"uvc-heading-spacer no_spacer\" style=\"top\"><\/div><div class=\"uvc-main-heading ult-responsive\"  data-ultimate-target='.uvc-heading.ultimate-heading-564169e093df914f1 h2'  data-responsive-json-new='{\"font-size\":\"\",\"line-height\":\"\"}' ><h2 style=\"font-weight:normal;\">Dosatori<\/h2><\/div><\/div>[vc_empty_space][vc_row_inner][vc_column_inner width=&#8221;1\/3&#8243;][vc_single_image image=&#8221;843&#8243; img_size=&#8221;medium&#8221;][\/vc_column_inner][vc_column_inner width=&#8221;1\/3&#8243;][vc_column_text]<\/p>\n<h3><a href=\"#DosatoriTrafilamento\"><strong>Dosatori a Trafilamento<\/strong><\/a><\/h3>\n<p>[\/vc_column_text][\/vc_column_inner][vc_column_inner width=&#8221;1\/3&#8243;][vc_column_text]La valvola dosatrice a trafilamento, in bassa pressione, ha la portata determinata in gocce al minuto, il volume di una goccia corrisponde a 33 mm3, la quantit\u00e0 di gocce si definisce portata relativa. La gamma delle portate relative \u00e8 indicata in tabella. La portata relativa \u00e8 determinata con i seguenti parametri: olio alla viscosit\u00e0 di 65,5 cSt a 40\u00b0C, temperatura di prova 20\u00b0C, pressione media di prova 2,7 bar. Modificando anche uno di questi parametri, varia la portata relativa.[\/vc_column_text][\/vc_column_inner][\/vc_row_inner][vc_row_inner][vc_column_inner width=&#8221;1\/3&#8243;][vc_single_image image=&#8221;845&#8243; img_size=&#8221;medium&#8221;][\/vc_column_inner][vc_column_inner width=&#8221;1\/3&#8243;][vc_column_text]<\/p>\n<h3><a href=\"#DosatoriSerieZ\"><strong>Dosatori Volumetrici<br \/>\nserie Z<\/strong><\/a><\/h3>\n<p>[\/vc_column_text][\/vc_column_inner][vc_column_inner width=&#8221;1\/3&#8243;][vc_column_text]Il dosatore volumetrico \u201cSerie Z\u201d a portata fissa \u00e8 caratterizzato dal fatto che all\u2019ingresso del lubrificante vi \u00e8 una speciale valvola gi\u00e0 Brevetto Italia, USA, Germania, Messico, Canada, Arabia Saudita e che nel contesto generale costruttivo si differenzia per avere la doppia tenuta nelle due fasi di Lavoro e Riposo. Si pu\u00f2 cos\u00ec definire \u201cDosatore Volumetrico a doppia tenuta\u201d a portata fissa in media pressione.[\/vc_column_text][\/vc_column_inner][\/vc_row_inner][vc_row_inner][vc_column_inner width=&#8221;1\/3&#8243;][vc_single_image image=&#8221;847&#8243; img_size=&#8221;medium&#8221;][\/vc_column_inner][vc_column_inner width=&#8221;1\/3&#8243;][vc_column_text]<\/p>\n<h3><a href=\"#DosatoriSerieL\"><strong>Dosatori Volumetrici<br \/>\nserie L<\/strong><\/a><\/h3>\n<p>[\/vc_column_text][\/vc_column_inner][vc_column_inner width=&#8221;1\/3&#8243;][vc_column_text]Il dosatore volumetrico \u201cSerie L\u201d a portata fissa si differenzia dal dosatore volumetrico \u201cSerie Z\u201d per la sua compattezza, dimensione ridotta, bloccaggio diretto del tubo \u00d84 per l\u2019utilizzo. Ugualmente alla \u201cSerie Z\u201d \u00e8 caratterizzato dal fatto che all\u2019ingresso del lubrificante vi \u00e8 una speciale valvola gi\u00e0 Brevetto Italia, USA, Germania, Messico, Canada, Arabia Saudita e che nel contesto generale costruttivo si differenzia per avere la doppia tenuta nelle due fasi di Lavoro e Riposo.[\/vc_column_text][\/vc_column_inner][\/vc_row_inner]\t\t<\/div><\/div>[vc_empty_space]<div class=\"ult-content-box-container \" >\t\t<div class=\"ult-content-box\" style=\"background-color:#fcfcfc;box-shadow: px px px px none;padding:20px;-webkit-transition: all 700ms ease;-moz-transition: all 700ms ease;-ms-transition: all 700ms ease;-o-transition: all 700ms ease;transition: all 700ms ease;\"  data-hover_box_shadow=\"none\"     data-bg=\"#fcfcfc\" ><div id=\"ultimate-heading-192269e093df91560\" class=\"uvc-heading ult-adjust-bottom-margin ultimate-heading-192269e093df91560 uvc-7530 \" data-hspacer=\"no_spacer\"  data-halign=\"left\" style=\"text-align:left\"><div class=\"uvc-heading-spacer no_spacer\" style=\"top\"><\/div><div class=\"uvc-main-heading ult-responsive\"  data-ultimate-target='.uvc-heading.ultimate-heading-192269e093df91560 h2'  data-responsive-json-new='{\"font-size\":\"\",\"line-height\":\"\"}' ><h2 style=\"font-weight:normal;\">Raccordi<\/h2><\/div><\/div>[vc_empty_space][vc_row_inner][vc_column_inner width=&#8221;1\/4&#8243;][vc_single_image image=&#8221;852&#8243; img_size=&#8221;medium&#8221;][vc_column_text]<\/p>\n<h3><a href=\"#RaccordiLinea\"><strong>Raccordi in linea<\/strong><\/a><\/h3>\n<p>[\/vc_column_text][\/vc_column_inner][vc_column_inner width=&#8221;1\/4&#8243;][vc_single_image image=&#8221;854&#8243; img_size=&#8221;medium&#8221;][vc_column_text]<\/p>\n<h3><a href=\"#TestineTerminali\"><strong>Testine Terminali<\/strong><\/a><\/h3>\n<p>[\/vc_column_text][\/vc_column_inner][vc_column_inner width=&#8221;1\/4&#8243;][vc_single_image image=&#8221;856&#8243; img_size=&#8221;medium&#8221;][vc_column_text]<\/p>\n<h3><a href=\"#RaccordiTerminali\"><strong>Raccordi Terminali<\/strong><\/a><\/h3>\n<p>[\/vc_column_text][\/vc_column_inner][vc_column_inner width=&#8221;1\/4&#8243;][vc_single_image image=&#8221;858&#8243; img_size=&#8221;medium&#8221;][vc_column_text]<\/p>\n<h3><a href=\"#RaccordiTerminaliMini-Block\"><strong>Raccordi Terminali<br \/>\nMini-Block<\/strong><\/a><\/h3>\n<p>[\/vc_column_text][\/vc_column_inner][\/vc_row_inner]\t\t<\/div><\/div>[vc_empty_space]<div class=\"ult-content-box-container \" >\t\t<div class=\"ult-content-box\" style=\"background-color:#fcfcfc;box-shadow: px px px px none;padding:20px;-webkit-transition: all 700ms ease;-moz-transition: all 700ms ease;-ms-transition: all 700ms ease;-o-transition: all 700ms ease;transition: all 700ms ease;\"  data-hover_box_shadow=\"none\"     data-bg=\"#fcfcfc\" ><div id=\"ultimate-heading-988569e093df915d7\" class=\"uvc-heading ult-adjust-bottom-margin ultimate-heading-988569e093df915d7 uvc-6641 \" data-hspacer=\"no_spacer\"  data-halign=\"left\" style=\"text-align:left\"><div class=\"uvc-heading-spacer no_spacer\" style=\"top\"><\/div><div class=\"uvc-main-heading ult-responsive\"  data-ultimate-target='.uvc-heading.ultimate-heading-988569e093df915d7 h2'  data-responsive-json-new='{\"font-size\":\"\",\"line-height\":\"\"}' ><h2 style=\"font-weight:normal;\">Accessori<\/h2><\/div><\/div>[vc_empty_space][vc_row_inner][vc_column_inner width=&#8221;1\/3&#8243;][vc_single_image image=&#8221;860&#8243; img_size=&#8221;medium&#8221;][\/vc_column_inner][vc_column_inner width=&#8221;1\/3&#8243;][vc_column_text]<\/p>\n<h3><a href=\"#FiltriLinea\">Filtri di Linea FL BP.81 <\/a><\/h3>\n<p>[\/vc_column_text][\/vc_column_inner][vc_column_inner width=&#8221;1\/3&#8243;][vc_column_text]<span class=\"Stile13 Stile32\">Il filtro FL BP.81 \u00e8 costituito da un corpo ed una calotta in alluminio, avvitati tra loro e staffa di fissaggio a parete. All\u2019interno \u00e8 alloggiata una cartuccia stellare con guarnizione ed elemento filtrante in carta, con grado di filtrazione 10-30 \u00b5m.<\/span><\/p>\n<p>Il modello FL BP.81 non \u00e8 provvisto di valvola unidirezionale in quanto tutte le nostre pompe a bassa pressione sonodotate di questo tipo di valvola, non pu\u00f2 essere installato su impianti con pompe aventi valvola di rilascio della pressione di linea<span class=\"Stile13 Stile32\">.<\/span>[\/vc_column_text][\/vc_column_inner][\/vc_row_inner][vc_row_inner][vc_column_inner width=&#8221;1\/3&#8243;][vc_single_image image=&#8221;860&#8243; img_size=&#8221;medium&#8221;][\/vc_column_inner][vc_column_inner width=&#8221;1\/3&#8243;][vc_column_text]<\/p>\n<h3><a href=\"#FiltriLinea\"><strong>Filtri di Linea FL MPBY.18<\/strong><\/a><\/h3>\n<p>[\/vc_column_text][\/vc_column_inner][vc_column_inner width=&#8221;1\/3&#8243;][vc_column_text]<span class=\"Stile13 Stile32\">Il filtro FL MPBY.18 \u00e8 costituito da un corpo superiore, avente valvola By-pass sul condotto d\u2019uscita, ed una calotta in alluminio, avvitati tra loro. Fissaggio a parete con staffa. All\u2019interno \u00e8 alloggiata una cartuccia stellare con guarnizione ed elemento filtrante in carta, con grado di filtrazione 10-30 \u00b5m.<\/span><\/p>\n<p>Nella calotta superiore \u00e8 ricavata una valvola By-pass sul condotto d\u2019uscita\/utilizzo avente due valvole unidirezionali contrapposte allo scopo di evitare, il ritorno dell\u2019olio all\u2019interno della cartuccia, il distacco delle particelle di sporco dalla superficie filtrante, nella fase di decompressione della linea principale per il ricaricamento dei dosatori volumetrici<span class=\"Stile13 Stile32\">.<\/span>[\/vc_column_text][\/vc_column_inner][\/vc_row_inner][vc_row_inner][vc_column_inner width=&#8221;1\/3&#8243;][vc_single_image image=&#8221;862&#8243; img_size=&#8221;medium&#8221;][\/vc_column_inner][vc_column_inner width=&#8221;1\/3&#8243;][vc_column_text]<\/p>\n<h3><a href=\"#Accessori\"><strong>Accessori<\/strong><\/a><\/h3>\n<p>[\/vc_column_text][\/vc_column_inner][vc_column_inner width=&#8221;1\/3&#8243;][vc_column_text]Tubi in gomma flessibili raccordati alle estremit\u00e0<br \/>\nTubi in nylon flessibili SAE 100 R7<br \/>\nTubi rilsan neutri<br \/>\nBussole Bloccaggio<br \/>\nDadi Bloccaggio[\/vc_column_text][\/vc_column_inner][\/vc_row_inner]\t\t<\/div><\/div>[\/vc_column][\/vc_row]<\/p>\n","protected":false},"excerpt":{"rendered":"<p>[vc_row full_width=&#8221;stretch_row&#8221; bg_type=&#8221;bg_color&#8221; type=&#8221;vc_default&#8221; bg_color_value=&#8221;#c60000&#8243; css=&#8221;.vc_custom_1487868329595{margin-top: -75px !important;}&#8221;][vc_column][vc_empty_space][\/vc_column][\/vc_row][vc_row full_width=&#8221;stretch_row&#8221; full_height=&#8221;yes&#8221; bg_type=&#8221;image&#8221; parallax_style=&#8221;vcpb-vz-jquery&#8221; bg_image_new=&#8221;id^163|url^http:\/\/www.azetalub.com\/wp-content\/uploads\/2017\/02\/foto-G-BUCARIA_22341-1.jpg|caption^null|alt^null|title^Rettifiche|description^null&#8221; enable_overlay=&#8221;enable_overlay_value&#8221; overlay_color=&#8221;rgba(255,255,255,0.6)&#8221; type=&#8221;vc_default&#8221; css=&#8221;.vc_custom_1494494547748{margin-bottom: -75px !important;}&#8221;][vc_column][vc_empty_space][vc_column_text] Dosatori a trafilamento per bassa pressione da 0,75-1-2-4-8-16 gocce al minuto &#8211; Distributori ripartitori di linea a 2-3-4-5-6 vie &#8211; Ripartitore di linea a 3 vie &#8211; Dosatori volumetrici per media pressione da 0,03-0,05-0,07-0,10-0,15-0,20 0,25-0,30 cm3&hellip;<\/p>\n","protected":false},"author":3,"featured_media":0,"parent":14,"menu_order":0,"comment_status":"closed","ping_status":"closed","template":"","meta":[],"class_list":["post-838","page","type-page","status-publish","hentry","description-off"],"_links":{"self":[{"href":"https:\/\/www.azetalub.com\/it\/wp-json\/wp\/v2\/pages\/838"}],"collection":[{"href":"https:\/\/www.azetalub.com\/it\/wp-json\/wp\/v2\/pages"}],"about":[{"href":"https:\/\/www.azetalub.com\/it\/wp-json\/wp\/v2\/types\/page"}],"author":[{"embeddable":true,"href":"https:\/\/www.azetalub.com\/it\/wp-json\/wp\/v2\/users\/3"}],"replies":[{"embeddable":true,"href":"https:\/\/www.azetalub.com\/it\/wp-json\/wp\/v2\/comments?post=838"}],"version-history":[{"count":0,"href":"https:\/\/www.azetalub.com\/it\/wp-json\/wp\/v2\/pages\/838\/revisions"}],"up":[{"embeddable":true,"href":"https:\/\/www.azetalub.com\/it\/wp-json\/wp\/v2\/pages\/14"}],"wp:attachment":[{"href":"https:\/\/www.azetalub.com\/it\/wp-json\/wp\/v2\/media?parent=838"}],"curies":[{"name":"wp","href":"https:\/\/api.w.org\/{rel}","templated":true}]}}