{"id":1256,"date":"2018-12-05T13:59:04","date_gmt":"2018-12-05T12:59:04","guid":{"rendered":"http:\/\/www.azetalub.com\/?page_id=1256"},"modified":"2021-04-16T11:26:08","modified_gmt":"2021-04-16T09:26:08","slug":"informativa-per-il-trattamento-dei-dati-2","status":"publish","type":"page","link":"https:\/\/www.azetalub.com\/it\/informativa-per-il-trattamento-dei-dati-2\/","title":{"rendered":"Informativa per il trattamento dei dati"},"content":{"rendered":"<p><strong>\u00a0<\/strong><\/p>\n<p><strong>LA PRIVACY POLICY DI QUESTO SITO<\/strong><strong><br \/>\n<\/strong><em>Informativa sul trattamento dei dati personali (ai sensi degli artt. 13 e 14 GDPR 2016\/679)<\/em><\/p>\n<p><strong>PERCHE\u2019 QUESTO AVVISO<\/strong><strong><br \/>\n<\/strong>In questa pagina si descrivono le modalit\u00e0 di gestione del sito in riferimento al trattamento dei dati personali degli utenti che lo consultano.<br \/>\nSi tratta di un\u2019informativa che \u00e8 resa anche ai sensi degli artt. 13 e 14 del Regolamento UE 2016\/679\u00a0e s.m.i. a coloro che interagiscono con i servizi web accessibili per via telematica a partire dall\u2019indirizzo: <a href=\"http:\/\/www.azetadif.it\/\">www.azetadif.it<\/a><\/p>\n<p>L\u2019informativa \u00e8 resa solo per il sito di AZETA ZEO ASIOLI DIFFUSION SRL e non anche per altri siti web eventualmente consultati dall\u2019utente tramite link in esso presenti.<\/p>\n<p>L\u2019informativa si ispira anche alla Raccomandazione n. 2\/2001 che le autorit\u00e0 europee per la protezione dei dati personali, riunite nel Gruppo istituito dall\u2019art. 29 della direttiva n. 95\/46\/CE, hanno adottato il 17 maggio 2001 per individuare alcuni requisiti minimi per la raccolta di dati personali on-line, e, in particolare, le modalit\u00e0, i tempi e la natura delle informazioni che i titolari del trattamento devono fornire agli utenti quando questi si collegano a pagine web, indipendentemente dagli scopi del collegamento. La Raccomandazione e una descrizione di sintesi delle sue finalit\u00e0 sono riportate all\u2019interno del sito dell\u2019Autorit\u00e0 Garante per la Privacy\u00a0<a href=\"http:\/\/www.garanteprivacy.it\/\">http:\/\/www.garanteprivacy.it<\/a><\/p>\n<ol>\n<li><strong>TITOLARE DEL TRATTAMENTO<\/strong><strong><br \/>\n<\/strong>A seguito della consultazione da parte degli utenti (interessati) di questo sito possono essere trattati dati relativi a persone identificate o identificabili, quindi dati personali ai sensi dell\u2019art. 4 del GDPR 2016\/679.<br \/>\nIl Titolare del loro trattamento \u00e8\u00a0<strong>AZETA ZEO ASIOLI DIFFUSION SRL Via Antonio Bellelli, 2, 42015 Fosdondo (RE)<\/strong><\/li>\n<\/ol>\n<p><strong>\u00a0<\/strong><\/p>\n<ol start=\"2\">\n<li><strong>RESPONSABILE DELLA PROTEZIONE DEI DATI:<\/strong><strong><br \/>\n<\/strong>La figura di Responsabile della protezione dei dati (DPO) non \u00e8 stata individuata in quanto la scrivente non \u00e8 tenuta alla conformit\u00e0 con art. 37 Regolamento Europeo 2016\/679.<\/li>\n<\/ol>\n<p>&nbsp;<\/p>\n<ol start=\"3\">\n<li><strong>FINALIT\u00c0 DEL TRATTAMENTO <\/strong><\/li>\n<\/ol>\n<ul>\n<li><strong>Finalit\u00e0 di evasione delle richieste degli interessati (contrattuale e precontrattuale)<\/strong> : i dati personali forniti dagli utenti che inoltrano richieste di adesione ai servizi offerti, anche tramite form di contatto, sono utilizzati al solo fine di eseguire il servizio o la prestazione richiesta dall\u2019interessato quindi per il solo scopo di evadere la rispettiva richiesta specifica.<\/li>\n<li><strong>Finalit\u00e0 di marketing diretto<\/strong>: solo in caso di consenso diretto dell\u2019interessato i dati personali forniti verranno utilizzati per finalit\u00e0 di marketing diretto, in particolare per invio di comunicazioni promozionali e commerciali relative a servizi e prodotti offerti dal Titolare.<\/li>\n<li><strong>Finalit\u00e0 di marketing indiretto<\/strong>: solo in caso di consenso diretto dell\u2019interessato i dati personali forniti verranno comunicati a soggetti terzi per finalit\u00e0 di marketing, in particolare per invio di comunicazioni promozionali e commerciali, nonch\u00e9 realizzazione di studi di mercato e analisi statistiche.<\/li>\n<\/ul>\n<p>&nbsp;<\/p>\n<ol start=\"4\">\n<li><strong>MODALITA\u2019 DEL TRATTAMENTO<\/strong>&nbsp;<\/li>\n<\/ol>\n<p>I dati personali sono trattati con strumenti automatizzati per il tempo strettamente necessario a conseguire gli scopi e le specifiche finalit\u00e0 per cui sono stati raccolti e nel rispetto del principio di necessit\u00e0 e proporzionalit\u00e0.<\/p>\n<p>Specifiche misure di sicurezza sono osservate per prevenire la perdita dei dati, usi illeciti o non corretti ed accessi non autorizzati.<\/p>\n<p>I dati personali potranno essere trattati dai dipendenti dell\u2019azienda deputati al perseguimento delle finalit\u00e0 sopra indicate, che sono stati espressamente autorizzati al trattamento e che hanno ricevuto adeguate istruzioni operative e formazione specifica.<\/p>\n<p>&nbsp;<\/p>\n<ol start=\"5\">\n<li><strong>OBBLIGATORIETA\u2019 DEL CONFERIMENTO DEI DATI<\/strong>&nbsp;<\/li>\n<\/ol>\n<p>A parte quanto specificato per i dati di navigazione, l\u2019utente \u00e8 libero di fornire i dati personali riportati nei moduli informatici (<em>form<\/em>) di richiesta al Titolare del trattamento per accedere ai servizi offerti.<br \/>\nIl loro mancato conferimento pu\u00f2 comportare l\u2019impossibilit\u00e0 di ottenere quanto richiesto. Il rifiuto di fornire i suddetti dati personali non consente, pertanto, la possibilit\u00e0 di usufruire dei servizi e contenuti offerti.<\/p>\n<p>I dati personali trattati sono: dati anagrafici, dati di contatto (a titolo esemplificativo ma non esaustivo: nome, cognome, indirizzo di posta elettronica, numero di telefono).<\/p>\n<ol start=\"6\">\n<li><strong>COMUNICAZIONE DEI DATI<\/strong><\/li>\n<\/ol>\n<p>I dati personali possono essere trattati da soggetti esterni operanti in qualit\u00e0 di titolari quali, a titolo esemplificativo, Autorit\u00e0 ed organi di vigilanza e controllo ed, in generale, soggetti, anche privati, legittimati a richiedere i dati come Pubbliche Autorit\u00e0 che ne facciano espressa richiesta per finalit\u00e0 amministrative o istituzionali, secondo quanto disposto dalla normativa vigente, nazionale ed europea, nonch\u00e9 persone, societ\u00e0, associazioni o studi professionali che prestino attivit\u00e0 di assistenza e consulenza.<\/p>\n<p>I\u00a0dati possono altres\u00ec essere trattati da soggetti esterni designati come Responsabili del trattamento ai sensi dell\u2019art. 28 del GDPR 2016\/679, a cui sono impartite adeguate istruzioni operative. Tali soggetti sono essenzialmente ricompresi nelle seguenti categorie:<\/p>\n<ul>\n<li>societ\u00e0 che svolgono servizi di fornitura e assistenza del sito internet e gestione e manutenzione di specifici database .<\/li>\n<\/ul>\n<p><strong>\u00a0<\/strong><\/p>\n<ol start=\"7\">\n<li><strong>TRASFERIMENTO ALL\u2019ESTERO<\/strong><\/li>\n<\/ol>\n<p>I dati personali trattati non risulteranno trasferiti all\u2019estero.<\/p>\n<ol start=\"8\">\n<li><strong>PERIODO DI CONSERVAZIONE DEI DATI<\/strong><\/li>\n<\/ol>\n<p>I dati personali sono trattati con strumenti automatizzati per il tempo strettamente necessario a conseguire gli scopi per cui sono stati raccolti.<\/p>\n<p>Per le finalit\u00e0 di marketing diretto e indiretto fino alla revoca del consenso dell\u2019interessato.<\/p>\n<ol start=\"9\">\n<li><strong>DIRITTI DEGLI INTERESSATI<\/strong><\/li>\n<\/ol>\n<p>Le viene riconosciuto il diritto di:<\/p>\n<ul>\n<li>conoscere quali dati personali vengano trattati, la loro origine, la finalit\u00e0 e la modalit\u00e0 del trattamento (art. 13-14 GDPR 2016\/679);<\/li>\n<li>ottenere la cancellazione e\/o la distruzione dei dati trattati in violazione delle norme di legge, nonch\u00e9 l\u2019aggiornamento, la rettifica o l\u2019integrazione dei dati (art. 13-14 GDPR 2016\/679);<\/li>\n<li>presentare richiesta di rettifica nei confronti del Titolare del trattamento (art. 13-14 GDPR 2016\/679);<\/li>\n<li>proporre reclamo a un\u2019autorit\u00e0 di controllo (art. 13-14 GDPR 2016\/679);<\/li>\n<li>presentare richiesta di cancellazione (diritto all\u2019oblio) dei dati gestiti dal Titolare del trattamento (art. 17 GDPR 2016\/679);<\/li>\n<li>presentare richiesta di limitazione del trattamento (art. 18 GDPR 2016\/679);<\/li>\n<li>presentare richiesta di opposizione nei casi il trattamento rientri in quanto definito in art. 21 GDPR 2016\/679.<\/li>\n<\/ul>\n<p>Le richieste vanno rivolte al Titolare del trattamento<\/p>\n<p><strong>AZETA ZEO ASIOLI DIFFUSION SRL<\/strong><\/p>\n<p><strong>Via Antonio Bellelli, 2, 42015 Fosdondo (RE)<\/strong><\/p>\n<p><strong>0522\/690156<\/strong><\/p>\n<p><strong>info@azetadif.it<\/strong><\/p>\n<p><strong>\u00a0<\/strong><\/p>\n<p>&nbsp;<\/p>\n<p><strong><em>REVISIONE APRILE 2021<\/em><\/strong><\/p>\n","protected":false},"excerpt":{"rendered":"<p>\u00a0 LA PRIVACY POLICY DI QUESTO SITO Informativa sul trattamento dei dati personali (ai sensi degli artt. 13 e 14 GDPR 2016\/679) PERCHE\u2019 QUESTO AVVISO In questa pagina si descrivono le modalit\u00e0 di gestione del sito in riferimento al trattamento dei dati personali degli utenti che lo consultano. Si tratta di un\u2019informativa che \u00e8 resa&hellip;<\/p>\n","protected":false},"author":3,"featured_media":0,"parent":0,"menu_order":0,"comment_status":"closed","ping_status":"closed","template":"","meta":[],"class_list":["post-1256","page","type-page","status-publish","hentry","description-off"],"_links":{"self":[{"href":"https:\/\/www.azetalub.com\/it\/wp-json\/wp\/v2\/pages\/1256"}],"collection":[{"href":"https:\/\/www.azetalub.com\/it\/wp-json\/wp\/v2\/pages"}],"about":[{"href":"https:\/\/www.azetalub.com\/it\/wp-json\/wp\/v2\/types\/page"}],"author":[{"embeddable":true,"href":"https:\/\/www.azetalub.com\/it\/wp-json\/wp\/v2\/users\/3"}],"replies":[{"embeddable":true,"href":"https:\/\/www.azetalub.com\/it\/wp-json\/wp\/v2\/comments?post=1256"}],"version-history":[{"count":0,"href":"https:\/\/www.azetalub.com\/it\/wp-json\/wp\/v2\/pages\/1256\/revisions"}],"wp:attachment":[{"href":"https:\/\/www.azetalub.com\/it\/wp-json\/wp\/v2\/media?parent=1256"}],"curies":[{"name":"wp","href":"https:\/\/api.w.org\/{rel}","templated":true}]}}