{"id":998,"date":"2018-04-22T23:42:58","date_gmt":"2018-04-22T21:42:58","guid":{"rendered":"http:\/\/www.azetalub.com\/products\/air-mist\/"},"modified":"2021-09-14T11:40:57","modified_gmt":"2021-09-14T09:40:57","slug":"air-mist","status":"publish","type":"page","link":"https:\/\/www.azetalub.com\/en\/products\/air-mist\/","title":{"rendered":"AIR MIST"},"content":{"rendered":"<p>[vc_row full_width=&#8221;stretch_row&#8221; bg_type=&#8221;bg_color&#8221; type=&#8221;vc_default&#8221; bg_color_value=&#8221;#c60000&#8243; css=&#8221;.vc_custom_1487868329595{margin-top: -75px !important;}&#8221;][vc_column]<div id=\"ultimate-heading-615869e32f0d4ed52\" class=\"uvc-heading ult-adjust-bottom-margin ultimate-heading-615869e32f0d4ed52 uvc-6864 \" data-hspacer=\"no_spacer\"  data-halign=\"center\" style=\"text-align:center\"><div class=\"uvc-heading-spacer no_spacer\" style=\"top\"><\/div><div class=\"uvc-main-heading ult-responsive\"  data-ultimate-target='.uvc-heading.ultimate-heading-615869e32f0d4ed52 h2'  data-responsive-json-new='{\"font-size\":\"desktop:50px;tablet:40px;tablet_portrait:40px;mobile_landscape:30px;mobile:30px;\",\"line-height\":\"desktop:50px;\"}' ><h2 style=\"font-weight:bold;color:#ffffff;\">PRODUCTS<\/h2><\/div><div class=\"uvc-sub-heading ult-responsive\"  data-ultimate-target='.uvc-heading.ultimate-heading-615869e32f0d4ed52 .uvc-sub-heading '  data-responsive-json-new='{\"font-size\":\"\",\"line-height\":\"\"}'  style=\"font-weight:normal;color:#ffffff;\"><\/p>\n<p style=\"text-align: center;\">AIR MIST<\/p>\n<p><\/div><\/div>[vc_empty_space][\/vc_column][\/vc_row][vc_row full_width=&#8221;stretch_row&#8221; full_height=&#8221;yes&#8221; bg_type=&#8221;image&#8221; parallax_style=&#8221;vcpb-vz-jquery&#8221; bg_image_new=&#8221;id^163|url^http:\/\/www.azetalub.com\/wp-content\/uploads\/2017\/02\/foto-G-BUCARIA_22341-1.jpg|caption^null|alt^null|title^Rettifiche|description^null&#8221; enable_overlay=&#8221;enable_overlay_value&#8221; overlay_color=&#8221;rgba(255,255,255,0.6)&#8221; type=&#8221;vc_default&#8221; css=&#8221;.vc_custom_1494494547748{margin-bottom: -75px !important;}&#8221;][vc_column][vc_column_text]<\/p>\n<p style=\"text-align: center;\">A minimal lubrication system operating on ultra low oil consumption. Compressed air is used as a carrier. Metered oil, suitably mixed with air, is conveyed in non atomised state to the lubrication point.\u00a0<strong>AZETA AIR MIX<\/strong>\u00a0is especially recommended for lubrication of high speed rolling contact bearings on spindles, electro-spindles and of rotating bushes of lathes with sliding headstock. For linear guides, the continuous flow keeps clean the tracks and races of balls or slides, as well as the contact races of rolling contact bearings.<\/p>\n<p>[\/vc_column_text][vc_btn title=&#8221;Catalogue&#8221; color=&#8221;danger&#8221; align=&#8221;center&#8221; link=&#8221;url:https%3A%2F%2Fwww.azetalub.com%2Fwp-content%2Fuploads%2FAzeta-Catalogo-Tecnico-ING.pdf|title:https%3A%2F%2Fwww.azetalub.com%2Fwp-content%2Fuploads%2FAzeta-Catalogo-Tecnico-ING.pdf|target:%20_blank|&#8221;][vc_empty_space]<div class=\"ult-content-box-container \" >\t\t<div class=\"ult-content-box\" style=\"background-color:#fcfcfc;box-shadow: px px px px none;padding:20px;-webkit-transition: all 700ms ease;-moz-transition: all 700ms ease;-ms-transition: all 700ms ease;-o-transition: all 700ms ease;transition: all 700ms ease;\"  data-hover_box_shadow=\"none\"     data-bg=\"#fcfcfc\" ><div id=\"ultimate-heading-722269e32f0d4ee27\" class=\"uvc-heading ult-adjust-bottom-margin ultimate-heading-722269e32f0d4ee27 uvc-2163 \" data-hspacer=\"no_spacer\"  data-halign=\"left\" style=\"text-align:left\"><div class=\"uvc-heading-spacer no_spacer\" style=\"top\"><\/div><div class=\"uvc-main-heading ult-responsive\"  data-ultimate-target='.uvc-heading.ultimate-heading-722269e32f0d4ee27 h2'  data-responsive-json-new='{\"font-size\":\"\",\"line-height\":\"\"}' ><h2 style=\"font-weight:normal;\">single and combinable mixers<\/h2><\/div><\/div>[vc_empty_space][vc_row_inner][vc_column_inner width=&#8221;1\/3&#8243;][vc_single_image image=&#8221;877&#8243; img_size=&#8221;medium&#8221;][\/vc_column_inner][vc_column_inner width=&#8221;1\/3&#8243;][vc_column_text]<strong>Built for using:<\/strong><br \/>\nsingle or combinable<br \/>\n<strong>Lubricant air connection:<\/strong><br \/>\nfor \u00d8 6 (\u00d88-\u00d84) pipe<br \/>\n<strong>Lubricant air adjusting:<\/strong><br \/>\nsingle, by screw<br \/>\n<strong>Lubricant air nominal flow rate:<\/strong><br \/>\nfrom 0 up to 200 liters\/min<br \/>\n(nom. \u00d8 2)<\/p>\n<p><strong>Maxing unit base<br \/>\nBuilt in 5 models\u00a0<\/strong><br \/>\nfor 2-3-4-5-6 mixing units<br \/>\n<strong>Network air connection:<\/strong><br \/>\n1\/4&#8243; G at 2 ends<br \/>\n<strong>Wall fastening<\/strong>[\/vc_column_text][\/vc_column_inner][vc_column_inner width=&#8221;1\/3&#8243;][vc_column_text]The ultra high speed, powerful, precise movements of today\u2019s machine tools call for optimal, long-lasting and clean lubrication. The AZETA new system ensures this after many years of tests on its own machine tools.[\/vc_column_text][\/vc_column_inner][\/vc_row_inner][vc_row_inner][vc_column_inner width=&#8221;1\/3&#8243;][vc_single_image image=&#8221;879&#8243; img_size=&#8221;medium&#8221;][\/vc_column_inner][vc_column_inner width=&#8221;1\/3&#8243;][vc_column_text]<strong>Built for using:<\/strong><br \/>\nsingle or combinable<br \/>\n<strong>Lubricant air connection:<\/strong><br \/>\nfor \u00d8 6 (\u00d88-\u00d84) pipe<br \/>\n<strong>Lubricant air adjusting:<\/strong><br \/>\nsingle, by screw<br \/>\n<strong>Lubricant air nominal flow rate:<\/strong><br \/>\nfrom 0 up to 200 liters\/min<br \/>\n(nom. \u00d8 2)<\/p>\n<p><strong>Maxing unit base<br \/>\nBuilt in 5 models\u00a0<\/strong><br \/>\nfor 2-3-4-5-6 mixing units<br \/>\n<strong>Network air connection:<\/strong><br \/>\n1\/4&#8243; G at 2 ends<br \/>\n<strong>Wall fastening<\/strong>[\/vc_column_text][\/vc_column_inner][vc_column_inner width=&#8221;1\/3&#8243;][vc_column_text]The\u00a0<strong>AIR MIX<\/strong>\u00a0system is a minimal lubrication air-oil system, with low oil consumption. The oil is dosed intermittently, while the flow of air is continuous. These two elements produce a very fine lubricating mixture that uses air as a carrier. The quantity of oil comes within a value, in many cases even lower, of 10-7 compared to the air, per unit of time. This mixture can be modified with the flow rate of the dosing valve and the number of operations-hour according to the requirements of lubrication or lube cooling.[\/vc_column_text][\/vc_column_inner][\/vc_row_inner]\t\t<\/div><\/div>[vc_empty_space]<div class=\"ult-content-box-container \" >\t\t<div class=\"ult-content-box\" style=\"background-color:#fcfcfc;box-shadow: px px px px none;padding:20px;-webkit-transition: all 700ms ease;-moz-transition: all 700ms ease;-ms-transition: all 700ms ease;-o-transition: all 700ms ease;transition: all 700ms ease;\"  data-hover_box_shadow=\"none\"     data-bg=\"#fcfcfc\" ><div id=\"ultimate-heading-157469e32f0d4ee90\" class=\"uvc-heading ult-adjust-bottom-margin ultimate-heading-157469e32f0d4ee90 uvc-2462 \" data-hspacer=\"no_spacer\"  data-halign=\"left\" style=\"text-align:left\"><div class=\"uvc-heading-spacer no_spacer\" style=\"top\"><\/div><div class=\"uvc-main-heading ult-responsive\"  data-ultimate-target='.uvc-heading.ultimate-heading-157469e32f0d4ee90 h2'  data-responsive-json-new='{\"font-size\":\"\",\"line-height\":\"\"}' ><h2 style=\"font-weight:normal;\">single and combinable mixers with valve for check occlusion<\/h2><\/div><\/div>[vc_empty_space][vc_row_inner][vc_column_inner width=&#8221;1\/3&#8243;][vc_single_image image=&#8221;881&#8243; img_size=&#8221;medium&#8221;][\/vc_column_inner][vc_column_inner width=&#8221;1\/3&#8243;][vc_column_text]<strong>Valve for check of lubricant air channel occlusion:<\/strong><br \/>\nsingle, for each mixing unit.<br \/>\n<strong>One-way combinable connection:\u00a0<\/strong><br \/>\nfor check of lubricant air occulsion from one point only.<br \/>\n<strong>Pressure switch :<\/strong><br \/>\nfor channel\/s occlusion alarm signal.<\/p>\n<p><strong>Check valve on lubricant oil connection :<\/strong><br \/>\nfor single mixing unit (necessary for lubricant air pressure higher than 1,5\/2 bar)[\/vc_column_text][\/vc_column_inner][vc_column_inner width=&#8221;1\/3&#8243;][vc_column_text]The\u00a0<strong>AIR MIX<\/strong>\u00a0system with\u00a0<strong>occlusion check<\/strong>\u00a0is different from the basic version in the mixer modules, which have the addition of a special valve in line with the lubricant air duct. The mixer module with the occlusion check valve can be used on its own or combinable, fitted on a mixing unit base. Its being combinable also allows mixed use of mixers with or without occlusion check valves, following the rule of keeping the modules side by side with the valve for the combinable connection.[\/vc_column_text][\/vc_column_inner][\/vc_row_inner]\t\t<\/div><\/div>[vc_empty_space]<div class=\"ult-content-box-container \" >\t\t<div class=\"ult-content-box\" style=\"background-color:#fcfcfc;box-shadow: px px px px none;padding:20px;-webkit-transition: all 700ms ease;-moz-transition: all 700ms ease;-ms-transition: all 700ms ease;-o-transition: all 700ms ease;transition: all 700ms ease;\"  data-hover_box_shadow=\"none\"     data-bg=\"#fcfcfc\" ><div id=\"ultimate-heading-33469e32f0d4eedf\" class=\"uvc-heading ult-adjust-bottom-margin ultimate-heading-33469e32f0d4eedf uvc-1663 \" data-hspacer=\"no_spacer\"  data-halign=\"left\" style=\"text-align:left\"><div class=\"uvc-heading-spacer no_spacer\" style=\"top\"><\/div><div class=\"uvc-main-heading ult-responsive\"  data-ultimate-target='.uvc-heading.ultimate-heading-33469e32f0d4eedf h2'  data-responsive-json-new='{\"font-size\":\"\",\"line-height\":\"\"}' ><h2 style=\"font-weight:normal;\">mixers with micropump<\/h2><\/div><\/div>[vc_empty_space][vc_row_inner][vc_column_inner width=&#8221;1\/3&#8243;][vc_single_image image=&#8221;883&#8243; img_size=&#8221;medium&#8221;][\/vc_column_inner][vc_column_inner width=&#8221;1\/3&#8243;][\/vc_column_inner][vc_column_inner width=&#8221;1\/3&#8243;][vc_column_text]The\u00a0<strong>AIR MIX\u00a0<\/strong>with\u00a0<strong>Micropump<\/strong>\u00a0system is different from the basic version as concerns the oil injection that takes place with a micropump, replacing the dosing valve, installed at the oil inlet of the mixer module. The mixer module with micropump can be used on its own or combinable, fitted on a mixing unit base. The micropump is a true volumetric pneumatic plunger piston pump, governed by a single-acting pneumatic cylinder with spring return. The supply of oil to the micropumps takes place by gravity from a reservoir set at a greater height.[\/vc_column_text][\/vc_column_inner][\/vc_row_inner]\t\t<\/div><\/div>[vc_empty_space]<div class=\"ult-content-box-container \" >\t\t<div class=\"ult-content-box\" style=\"background-color:#fcfcfc;box-shadow: px px px px none;padding:20px;-webkit-transition: all 700ms ease;-moz-transition: all 700ms ease;-ms-transition: all 700ms ease;-o-transition: all 700ms ease;transition: all 700ms ease;\"  data-hover_box_shadow=\"none\"     data-bg=\"#fcfcfc\" ><div id=\"ultimate-heading-713069e32f0d4ef23\" class=\"uvc-heading ult-adjust-bottom-margin ultimate-heading-713069e32f0d4ef23 uvc-4441 \" data-hspacer=\"no_spacer\"  data-halign=\"left\" style=\"text-align:left\"><div class=\"uvc-heading-spacer no_spacer\" style=\"top\"><\/div><div class=\"uvc-main-heading ult-responsive\"  data-ultimate-target='.uvc-heading.ultimate-heading-713069e32f0d4ef23 h2'  data-responsive-json-new='{\"font-size\":\"\",\"line-height\":\"\"}' ><h2 style=\"font-weight:normal;\">Air mist EVO 2<\/h2><\/div><\/div>[vc_empty_space][vc_row_inner][vc_column_inner width=&#8221;1\/3&#8243;][vc_single_image image=&#8221;885&#8243; img_size=&#8221;medium&#8221;][\/vc_column_inner][vc_column_inner width=&#8221;1\/3&#8243;][\/vc_column_inner][vc_column_inner width=&#8221;1\/3&#8243;][vc_column_text]<strong>AZETA AIR MIX EVO2<\/strong>\u00a0comprises an air-oil lubrication unit with two channels with mixer modules and micropumps, complete with all the accessories for the timed electric control, ready for use. The AIR MIX system is a minimal lubrication air-oil system, with low oil consumption. The oil is dosed intermittently, while the flow of air is continuous. These two elements produce a very fine lubricating mixture that uses air as a carrier. The quantity of oil comes within a value, in many cases even lower, of 10-7 compared to the air, per unit of time. This mixture can be modified according to the requirements of lubrication or lube cooling.[\/vc_column_text][\/vc_column_inner][\/vc_row_inner]\t\t<\/div><\/div>[\/vc_column][\/vc_row]<\/p>\n","protected":false},"excerpt":{"rendered":"<p>[vc_row full_width=&#8221;stretch_row&#8221; bg_type=&#8221;bg_color&#8221; type=&#8221;vc_default&#8221; bg_color_value=&#8221;#c60000&#8243; css=&#8221;.vc_custom_1487868329595{margin-top: -75px !important;}&#8221;][vc_column][vc_empty_space][\/vc_column][\/vc_row][vc_row full_width=&#8221;stretch_row&#8221; full_height=&#8221;yes&#8221; bg_type=&#8221;image&#8221; parallax_style=&#8221;vcpb-vz-jquery&#8221; bg_image_new=&#8221;id^163|url^http:\/\/www.azetalub.com\/wp-content\/uploads\/2017\/02\/foto-G-BUCARIA_22341-1.jpg|caption^null|alt^null|title^Rettifiche|description^null&#8221; enable_overlay=&#8221;enable_overlay_value&#8221; overlay_color=&#8221;rgba(255,255,255,0.6)&#8221; type=&#8221;vc_default&#8221; css=&#8221;.vc_custom_1494494547748{margin-bottom: -75px !important;}&#8221;][vc_column][vc_column_text] A minimal lubrication system operating on ultra low oil consumption. Compressed air is used as a carrier. Metered oil, suitably mixed with air, is conveyed in non atomised state to the lubrication point.\u00a0AZETA AIR MIX\u00a0is especially&hellip;<\/p>\n","protected":false},"author":3,"featured_media":0,"parent":964,"menu_order":0,"comment_status":"closed","ping_status":"closed","template":"","meta":[],"class_list":["post-998","page","type-page","status-publish","hentry","description-off"],"_links":{"self":[{"href":"https:\/\/www.azetalub.com\/en\/wp-json\/wp\/v2\/pages\/998"}],"collection":[{"href":"https:\/\/www.azetalub.com\/en\/wp-json\/wp\/v2\/pages"}],"about":[{"href":"https:\/\/www.azetalub.com\/en\/wp-json\/wp\/v2\/types\/page"}],"author":[{"embeddable":true,"href":"https:\/\/www.azetalub.com\/en\/wp-json\/wp\/v2\/users\/3"}],"replies":[{"embeddable":true,"href":"https:\/\/www.azetalub.com\/en\/wp-json\/wp\/v2\/comments?post=998"}],"version-history":[{"count":0,"href":"https:\/\/www.azetalub.com\/en\/wp-json\/wp\/v2\/pages\/998\/revisions"}],"up":[{"embeddable":true,"href":"https:\/\/www.azetalub.com\/en\/wp-json\/wp\/v2\/pages\/964"}],"wp:attachment":[{"href":"https:\/\/www.azetalub.com\/en\/wp-json\/wp\/v2\/media?parent=998"}],"curies":[{"name":"wp","href":"https:\/\/api.w.org\/{rel}","templated":true}]}}